{"id":103,"date":"2020-09-21T08:19:19","date_gmt":"2020-09-21T08:19:19","guid":{"rendered":"https:\/\/formacion.ffrm.es\/?page_id=103"},"modified":"2022-09-27T10:39:42","modified_gmt":"2022-09-27T10:39:42","slug":"cursos-entrenador","status":"publish","type":"page","link":"https:\/\/formacion.ffrm.es\/index.php\/cursos-entrenador\/","title":{"rendered":"Cursos Entrenador"},"content":{"rendered":"\n\n<!-- iframe plugin v.6.0 wordpress.org\/plugins\/iframe\/ -->\n<iframe loading=\"lazy\" src=\"https:\/\/rfef.misquad.es\/istudy_dashboard_web.php?amBit=17&#038;tipo=1\" width=\"100%\" height=\"500\" scrolling=\"yes\" class=\"iframe-class\" frameborder=\"0\"><\/iframe>\n\n","protected":false},"excerpt":{"rendered":"","protected":false},"author":1,"featured_media":0,"parent":0,"menu_order":0,"comment_status":"closed","ping_status":"closed","template":"","meta":{"footnotes":""},"class_list":["post-103","page","type-page","status-publish","hentry"],"yoast_head":"<!-- This site is optimized with the Yoast SEO plugin v27.5 - https:\/\/yoast.com\/product\/yoast-seo-wordpress\/ -->\n<title>Cursos Entrenador - Formaci\u00f3n FFRM<\/title>\n<meta name=\"robots\" content=\"index, follow, max-snippet:-1, max-image-preview:large, max-video-preview:-1\" \/>\n<link rel=\"canonical\" href=\"https:\/\/formacion.ffrm.es\/index.php\/cursos-entrenador\/\" \/>\n<meta property=\"og:locale\" content=\"es_ES\" \/>\n<meta property=\"og:type\" content=\"article\" \/>\n<meta property=\"og:title\" content=\"Cursos Entrenador - Formaci\u00f3n FFRM\" \/>\n<meta property=\"og:url\" content=\"https:\/\/formacion.ffrm.es\/index.php\/cursos-entrenador\/\" \/>\n<meta property=\"og:site_name\" content=\"Formaci\u00f3n FFRM\" \/>\n<meta property=\"article:modified_time\" content=\"2022-09-27T10:39:42+00:00\" \/>\n<meta name=\"twitter:card\" content=\"summary_large_image\" \/>\n<script type=\"application\/ld+json\" class=\"yoast-schema-graph\">{\"@context\":\"https:\\\/\\\/schema.org\",\"@graph\":[{\"@type\":\"WebPage\",\"@id\":\"https:\\\/\\\/formacion.ffrm.es\\\/index.php\\\/cursos-entrenador\\\/\",\"url\":\"https:\\\/\\\/formacion.ffrm.es\\\/index.php\\\/cursos-entrenador\\\/\",\"name\":\"Cursos Entrenador - Formaci\u00f3n FFRM\",\"isPartOf\":{\"@id\":\"https:\\\/\\\/formacion.ffrm.es\\\/#website\"},\"datePublished\":\"2020-09-21T08:19:19+00:00\",\"dateModified\":\"2022-09-27T10:39:42+00:00\",\"breadcrumb\":{\"@id\":\"https:\\\/\\\/formacion.ffrm.es\\\/index.php\\\/cursos-entrenador\\\/#breadcrumb\"},\"inLanguage\":\"es\",\"potentialAction\":[{\"@type\":\"ReadAction\",\"target\":[\"https:\\\/\\\/formacion.ffrm.es\\\/index.php\\\/cursos-entrenador\\\/\"]}]},{\"@type\":\"BreadcrumbList\",\"@id\":\"https:\\\/\\\/formacion.ffrm.es\\\/index.php\\\/cursos-entrenador\\\/#breadcrumb\",\"itemListElement\":[{\"@type\":\"ListItem\",\"position\":1,\"name\":\"Portada\",\"item\":\"https:\\\/\\\/formacion.ffrm.es\\\/\"},{\"@type\":\"ListItem\",\"position\":2,\"name\":\"Cursos Entrenador\"}]},{\"@type\":\"WebSite\",\"@id\":\"https:\\\/\\\/formacion.ffrm.es\\\/#website\",\"url\":\"https:\\\/\\\/formacion.ffrm.es\\\/\",\"name\":\"Formaci\u00f3n FFRM\",\"description\":\"Portal del Centro de Formaci\u00f3n de la Federaci\u00f3n de F\u00fatbol de la Regi\u00f3n de Murcia\",\"potentialAction\":[{\"@type\":\"SearchAction\",\"target\":{\"@type\":\"EntryPoint\",\"urlTemplate\":\"https:\\\/\\\/formacion.ffrm.es\\\/?s={search_term_string}\"},\"query-input\":{\"@type\":\"PropertyValueSpecification\",\"valueRequired\":true,\"valueName\":\"search_term_string\"}}],\"inLanguage\":\"es\"}]}<\/script>\n<!-- \/ Yoast SEO plugin. -->","yoast_head_json":{"title":"Cursos Entrenador - Formaci\u00f3n FFRM","robots":{"index":"index","follow":"follow","max-snippet":"max-snippet:-1","max-image-preview":"max-image-preview:large","max-video-preview":"max-video-preview:-1"},"canonical":"https:\/\/formacion.ffrm.es\/index.php\/cursos-entrenador\/","og_locale":"es_ES","og_type":"article","og_title":"Cursos Entrenador - Formaci\u00f3n FFRM","og_url":"https:\/\/formacion.ffrm.es\/index.php\/cursos-entrenador\/","og_site_name":"Formaci\u00f3n FFRM","article_modified_time":"2022-09-27T10:39:42+00:00","twitter_card":"summary_large_image","schema":{"@context":"https:\/\/schema.org","@graph":[{"@type":"WebPage","@id":"https:\/\/formacion.ffrm.es\/index.php\/cursos-entrenador\/","url":"https:\/\/formacion.ffrm.es\/index.php\/cursos-entrenador\/","name":"Cursos Entrenador - Formaci\u00f3n FFRM","isPartOf":{"@id":"https:\/\/formacion.ffrm.es\/#website"},"datePublished":"2020-09-21T08:19:19+00:00","dateModified":"2022-09-27T10:39:42+00:00","breadcrumb":{"@id":"https:\/\/formacion.ffrm.es\/index.php\/cursos-entrenador\/#breadcrumb"},"inLanguage":"es","potentialAction":[{"@type":"ReadAction","target":["https:\/\/formacion.ffrm.es\/index.php\/cursos-entrenador\/"]}]},{"@type":"BreadcrumbList","@id":"https:\/\/formacion.ffrm.es\/index.php\/cursos-entrenador\/#breadcrumb","itemListElement":[{"@type":"ListItem","position":1,"name":"Portada","item":"https:\/\/formacion.ffrm.es\/"},{"@type":"ListItem","position":2,"name":"Cursos Entrenador"}]},{"@type":"WebSite","@id":"https:\/\/formacion.ffrm.es\/#website","url":"https:\/\/formacion.ffrm.es\/","name":"Formaci\u00f3n FFRM","description":"Portal del Centro de Formaci\u00f3n de la Federaci\u00f3n de F\u00fatbol de la Regi\u00f3n de Murcia","potentialAction":[{"@type":"SearchAction","target":{"@type":"EntryPoint","urlTemplate":"https:\/\/formacion.ffrm.es\/?s={search_term_string}"},"query-input":{"@type":"PropertyValueSpecification","valueRequired":true,"valueName":"search_term_string"}}],"inLanguage":"es"}]}},"_links":{"self":[{"href":"https:\/\/formacion.ffrm.es\/index.php\/wp-json\/wp\/v2\/pages\/103","targetHints":{"allow":["GET"]}}],"collection":[{"href":"https:\/\/formacion.ffrm.es\/index.php\/wp-json\/wp\/v2\/pages"}],"about":[{"href":"https:\/\/formacion.ffrm.es\/index.php\/wp-json\/wp\/v2\/types\/page"}],"author":[{"embeddable":true,"href":"https:\/\/formacion.ffrm.es\/index.php\/wp-json\/wp\/v2\/users\/1"}],"replies":[{"embeddable":true,"href":"https:\/\/formacion.ffrm.es\/index.php\/wp-json\/wp\/v2\/comments?post=103"}],"version-history":[{"count":5,"href":"https:\/\/formacion.ffrm.es\/index.php\/wp-json\/wp\/v2\/pages\/103\/revisions"}],"predecessor-version":[{"id":117,"href":"https:\/\/formacion.ffrm.es\/index.php\/wp-json\/wp\/v2\/pages\/103\/revisions\/117"}],"wp:attachment":[{"href":"https:\/\/formacion.ffrm.es\/index.php\/wp-json\/wp\/v2\/media?parent=103"}],"curies":[{"name":"wp","href":"https:\/\/api.w.org\/{rel}","templated":true}]}}